{"id":10,"date":"2020-04-12T06:20:17","date_gmt":"2020-04-12T06:20:17","guid":{"rendered":"https:\/\/hochzeit.dj\/?page_id=10"},"modified":"2026-01-12T00:48:18","modified_gmt":"2026-01-11T23:48:18","slug":"kontakt","status":"publish","type":"page","link":"https:\/\/hochzeit.dj\/index.php\/kontakt\/","title":{"rendered":"Kontakt"},"content":{"rendered":"\n<p>Hier k\u00f6nnen Sie ohne gro\u00dfen Aufwand ein unverbindliches Angebot bei uns anfordern.<\/p>\n\n\n\n<div class=\"wp-block-columns is-layout-flex wp-container-core-columns-is-layout-9d6595d7 wp-block-columns-is-layout-flex\">\n<div class=\"wp-block-column is-layout-flow wp-block-column-is-layout-flow\">\n<div class=\"wpcf7 no-js\" id=\"wpcf7-f55-o1\" lang=\"de-DE\" dir=\"ltr\" data-wpcf7-id=\"55\">\n<div class=\"screen-reader-response\"><p role=\"status\" aria-live=\"polite\" aria-atomic=\"true\"><\/p> <ul><\/ul><\/div>\n<form action=\"\/index.php\/wp-json\/wp\/v2\/pages\/10#wpcf7-f55-o1\" method=\"post\" class=\"wpcf7-form init\" aria-label=\"Kontaktformular\" novalidate=\"novalidate\" data-status=\"init\">\n<fieldset class=\"hidden-fields-container\"><input type=\"hidden\" name=\"_wpcf7\" value=\"55\" \/><input type=\"hidden\" name=\"_wpcf7_version\" value=\"6.1.5\" \/><input type=\"hidden\" name=\"_wpcf7_locale\" value=\"de_DE\" \/><input type=\"hidden\" name=\"_wpcf7_unit_tag\" value=\"wpcf7-f55-o1\" \/><input type=\"hidden\" name=\"_wpcf7_container_post\" value=\"0\" \/><input type=\"hidden\" name=\"_wpcf7_posted_data_hash\" value=\"\" \/>\n<\/fieldset>\n<p><label> Dein Name (Pflichtfeld)<br \/>\n<span class=\"wpcf7-form-control-wrap\" data-name=\"your-name\"><input size=\"40\" maxlength=\"400\" class=\"wpcf7-form-control wpcf7-text wpcf7-validates-as-required\" aria-required=\"true\" aria-invalid=\"false\" value=\"\" type=\"text\" name=\"your-name\" \/><\/span> <\/label>\n<\/p>\n<p><label> Deine E-Mail-Adresse (Pflichtfeld)<br \/>\n<span class=\"wpcf7-form-control-wrap\" data-name=\"your-email\"><input size=\"40\" maxlength=\"400\" class=\"wpcf7-form-control wpcf7-email wpcf7-validates-as-required wpcf7-text wpcf7-validates-as-email\" aria-required=\"true\" aria-invalid=\"false\" value=\"\" type=\"email\" name=\"your-email\" \/><\/span> <\/label>\n<\/p>\n<p><label> Veranstaltungsdatum<br \/>\n<span class=\"wpcf7-form-control-wrap\" data-name=\"Datum\"><input size=\"40\" maxlength=\"400\" class=\"wpcf7-form-control wpcf7-text\" aria-invalid=\"false\" value=\"\" type=\"text\" name=\"Datum\" \/><\/span> <\/label>\n<\/p>\n<p><label> Beginn der Feier<br \/>\n<span class=\"wpcf7-form-control-wrap\" data-name=\"Beginn\"><select class=\"wpcf7-form-control wpcf7-select\" aria-invalid=\"false\" name=\"Beginn\"><option value=\"\">&#8211; Bitte ausw\u00e4hlen &#8211;<\/option><option value=\"vor 12.00 Uhr\">vor 12.00 Uhr<\/option><option value=\"12.00 Uhr\">12.00 Uhr<\/option><option value=\"13.00 Uhr\">13.00 Uhr<\/option><option value=\"14.00 Uhr\">14.00 Uhr<\/option><option value=\"15.00 Uhr\">15.00 Uhr<\/option><option value=\"16.00 Uhr\">16.00 Uhr<\/option><option value=\"17.00 Uhr\">17.00 Uhr<\/option><option value=\"18.00 Uhr\">18.00 Uhr<\/option><option value=\"19.00 Uhr\">19.00 Uhr<\/option><option value=\"20.00 Uhr\">20.00 Uhr<\/option><option value=\"21.00 Uhr\">21.00 Uhr<\/option><option value=\"sp\u00e4ter als 21.00 Uhr\">sp\u00e4ter als 21.00 Uhr<\/option><\/select><\/span> <\/label>\n<\/p>\n<p><label> Ende der Feier<br \/>\n<span class=\"wpcf7-form-control-wrap\" data-name=\"Ende\"><select class=\"wpcf7-form-control wpcf7-select\" aria-invalid=\"false\" name=\"Ende\"><option value=\"\">&#8211; Bitte ausw\u00e4hlen &#8211;<\/option><option value=\"vor 24.00 Uhr\">vor 24.00 Uhr<\/option><option value=\"24.00 Uhr\">24.00 Uhr<\/option><option value=\"01.00 Uhr\">01.00 Uhr<\/option><option value=\"02.00 Uhr\">02.00 Uhr<\/option><option value=\"03.00 Uhr\">03.00 Uhr<\/option><option value=\"04.00 Uhr\">04.00 Uhr<\/option><option value=\"05.00 Uhr\">05.00 Uhr<\/option><option value=\"open end\">open end<\/option><\/select><\/span> <\/label>\n<\/p>\n<p><label> G\u00e4steanzahl ca.<br \/>\n<span class=\"wpcf7-form-control-wrap\" data-name=\"Gsteanzahl\"><input size=\"40\" maxlength=\"400\" class=\"wpcf7-form-control wpcf7-text\" aria-invalid=\"false\" value=\"\" type=\"text\" name=\"Gsteanzahl\" \/><\/span> <\/label>\n<\/p>\n<p><label> Veranstaltungsort<br \/>\n<span class=\"wpcf7-form-control-wrap\" data-name=\"VernstaltungsOrt\"><input size=\"40\" maxlength=\"400\" class=\"wpcf7-form-control wpcf7-text\" aria-invalid=\"false\" value=\"\" type=\"text\" name=\"VernstaltungsOrt\" \/><\/span> <\/label>\n<\/p>\n<p><label> gew\u00fcnschtes Paket<br \/>\n<span class=\"wpcf7-form-control-wrap\" data-name=\"gewnschtesPaket\"><select class=\"wpcf7-form-control wpcf7-select\" aria-invalid=\"false\" name=\"gewnschtesPaket\"><option value=\"\">&#8211; Bitte ausw\u00e4hlen &#8211;<\/option><option value=\"DJ Komplett mit Technik - 5 Std\">DJ Komplett mit Technik - 5 Std<\/option><option value=\"DJ Komplett mit Technik - 10 Std\">DJ Komplett mit Technik - 10 Std<\/option><option value=\"DJ Komplett mit Technik - open end\">DJ Komplett mit Technik - open end<\/option><option value=\"\"><\/option><option value=\"wei\u00df nicht\">wei\u00df nicht<\/option><option value=\"\"><\/option><option value=\"DJ ohne Technik - 5 Std\">DJ ohne Technik - 5 Std<\/option><option value=\"DJ ohne Technik - 10 Std\">DJ ohne Technik - 10 Std<\/option><option value=\"DJ ohne Technik - open end\">DJ ohne Technik - open end<\/option><\/select><\/span> <\/label>\n<\/p>\n<p><label> Nachricht \/ Erg\u00e4nzungen<br \/>\n<span class=\"wpcf7-form-control-wrap\" data-name=\"your-message\"><textarea cols=\"40\" rows=\"10\" maxlength=\"2000\" class=\"wpcf7-form-control wpcf7-textarea\" aria-invalid=\"false\" name=\"your-message\"><\/textarea><\/span> <\/label>\n<\/p>\n<p><input class=\"wpcf7-form-control wpcf7-submit has-spinner\" type=\"submit\" value=\"Senden\" \/>\n<\/p><div class=\"wpcf7-response-output\" aria-hidden=\"true\"><\/div>\n<\/form>\n<\/div>\n\n<\/div>\n\n\n\n<div class=\"wp-block-column is-layout-flow wp-block-column-is-layout-flow\">\n<p>Es ist ganz einfach.<\/p>\n\n\n\n<p>F\u00fcllen Sie das linke Formular aus, beantworten Sie die kleine Rechenaufgabe am Ende und schicken Sie die Anfrage kurzerhand ab.<\/p>\n\n\n\n<p>Im Anschluss senden wir Ihnen innerhalb von 24 Stunden ein individuelles Angebot per E-Mail zu.<\/p>\n\n\n\n<p>Schauen und vergleichen Sie in Ruhe. Wenn Sie Fragen zu unserem Angebot haben, beantworten wir diese gerne vollkommen unkompliziert.<\/p>\n\n\n\n<p>Sollte Ihnen unser Angebot zusagen, brauchen wir zun\u00e4chst nur eine Best\u00e4tigung per E-Mail.<\/p>\n\n\n\n<p>Anschlie\u00dfend bereiten wir Ihren Vertrag vor und senden Ihnen diesen schnellstm\u00f6glich zu.<\/p>\n\n\n\n<p>Sobald wir diesen zur\u00fcckerhalten haben, wird sich Ihr pers\u00f6nlicher DJ kurzfristig bei Ihnen melden um ggf. weitere Details zu kl\u00e4ren.<\/p>\n\n\n\n<p>Wir freuen uns von Ihnen zu h\u00f6ren!<\/p>\n\n\n\n<p>Ihr Team von hochzeit.dj<\/p>\n<\/div>\n<\/div>\n\n\n\n<div style=\"height:100px\" aria-hidden=\"true\" class=\"wp-block-spacer\"><\/div>\n\n\n\n<div class=\"wp-block-columns is-layout-flex wp-container-core-columns-is-layout-9d6595d7 wp-block-columns-is-layout-flex\">\n<div class=\"wp-block-column is-layout-flow wp-block-column-is-layout-flow\" style=\"flex-basis:100%\"><nav class=\"is-responsive items-justified-center wp-block-navigation is-content-justification-center is-layout-flex wp-container-core-navigation-is-layout-16018d1d wp-block-navigation-is-layout-flex\" aria-label=\"Footer\" \n\t\t data-wp-interactive=\"core\/navigation\" data-wp-context='{\"overlayOpenedBy\":{\"click\":false,\"hover\":false,\"focus\":false},\"type\":\"overlay\",\"roleAttribute\":\"\",\"ariaLabel\":\"Men\\u00fc\"}'><button aria-haspopup=\"dialog\" aria-label=\"Men\u00fc \u00f6ffnen\" class=\"wp-block-navigation__responsive-container-open\" \n\t\t\t\tdata-wp-on--click=\"actions.openMenuOnClick\"\n\t\t\t\tdata-wp-on--keydown=\"actions.handleMenuKeydown\"\n\t\t\t><svg width=\"24\" height=\"24\" xmlns=\"http:\/\/www.w3.org\/2000\/svg\" viewBox=\"0 0 24 24\" aria-hidden=\"true\" focusable=\"false\"><path d=\"M4 7.5h16v1.5H4z\"><\/path><path d=\"M4 15h16v1.5H4z\"><\/path><\/svg><\/button>\n\t\t\t\t<div class=\"wp-block-navigation__responsive-container\"  id=\"modal-1\" \n\t\t\t\tdata-wp-class--has-modal-open=\"state.isMenuOpen\"\n\t\t\t\tdata-wp-class--is-menu-open=\"state.isMenuOpen\"\n\t\t\t\tdata-wp-watch=\"callbacks.initMenu\"\n\t\t\t\tdata-wp-on--keydown=\"actions.handleMenuKeydown\"\n\t\t\t\tdata-wp-on--focusout=\"actions.handleMenuFocusout\"\n\t\t\t\ttabindex=\"-1\"\n\t\t\t>\n\t\t\t\t\t<div class=\"wp-block-navigation__responsive-close\" tabindex=\"-1\">\n\t\t\t\t\t\t<div class=\"wp-block-navigation__responsive-dialog\" \n\t\t\t\tdata-wp-bind--aria-modal=\"state.ariaModal\"\n\t\t\t\tdata-wp-bind--aria-label=\"state.ariaLabel\"\n\t\t\t\tdata-wp-bind--role=\"state.roleAttribute\"\n\t\t\t>\n\t\t\t\t\t\t\t<button aria-label=\"Men\u00fc schlie\u00dfen\" class=\"wp-block-navigation__responsive-container-close\" \n\t\t\t\tdata-wp-on--click=\"actions.closeMenuOnClick\"\n\t\t\t><svg xmlns=\"http:\/\/www.w3.org\/2000\/svg\" viewBox=\"0 0 24 24\" width=\"24\" height=\"24\" aria-hidden=\"true\" focusable=\"false\"><path d=\"m13.06 12 6.47-6.47-1.06-1.06L12 10.94 5.53 4.47 4.47 5.53 10.94 12l-6.47 6.47 1.06 1.06L12 13.06l6.47 6.47 1.06-1.06L13.06 12Z\"><\/path><\/svg><\/button>\n\t\t\t\t\t\t\t<div class=\"wp-block-navigation__responsive-container-content\" \n\t\t\t\tdata-wp-watch=\"callbacks.focusFirstElement\"\n\t\t\t id=\"modal-1-content\">\n\t\t\t\t\t\t\t\t<ul class=\"wp-block-navigation__container is-responsive items-justified-center wp-block-navigation\"><li class=\" wp-block-navigation-item wp-block-navigation-link\"><a class=\"wp-block-navigation-item__content\"  href=\"https:\/\/hochzeit.dj\/index.php\/agbs\/\"><span class=\"wp-block-navigation-item__label\">AGBs<\/span><\/a><\/li><li class=\" wp-block-navigation-item  menu-item menu-item-type-post_type menu-item-object-page wp-block-navigation-link\"><a class=\"wp-block-navigation-item__content\"  href=\"https:\/\/hochzeit.dj\/?page_id=64\" title=\"\"><span class=\"wp-block-navigation-item__label\">Datenschutzerkl\u00e4rung<\/span><\/a><\/li><li class=\" wp-block-navigation-item  menu-item menu-item-type-post_type menu-item-object-page wp-block-navigation-link\"><a class=\"wp-block-navigation-item__content\"  href=\"https:\/\/hochzeit.dj\/?page_id=62\" title=\"\"><span class=\"wp-block-navigation-item__label\">Impressum<\/span><\/a><\/li><\/ul>\n\t\t\t\t\t\t\t<\/div>\n\t\t\t\t\t\t<\/div>\n\t\t\t\t\t<\/div>\n\t\t\t\t<\/div><\/nav><\/div>\n<\/div>\n","protected":false},"excerpt":{"rendered":"<p>Hier k\u00f6nnen Sie ohne gro\u00dfen Aufwand ein unverbindliches Angebot bei uns anfordern. Es ist ganz einfach. F\u00fcllen Sie das linke Formular aus, beantworten Sie die kleine Rechenaufgabe am Ende und schicken Sie die Anfrage kurzerhand ab. Im Anschluss senden wir Ihnen innerhalb von 24 Stunden ein individuelles Angebot per E-Mail zu. Schauen und vergleichen Sie &hellip; <\/p>\n<p class=\"link-more\"><a href=\"https:\/\/hochzeit.dj\/index.php\/kontakt\/\" class=\"more-link\"><span class=\"screen-reader-text\">\u201eKontakt\u201c <\/span>weiterlesen<\/a><\/p>\n","protected":false},"author":1,"featured_media":54,"parent":0,"menu_order":0,"comment_status":"closed","ping_status":"closed","template":"","meta":{"footnotes":""},"class_list":["post-10","page","type-page","status-publish","has-post-thumbnail","hentry"],"_links":{"self":[{"href":"https:\/\/hochzeit.dj\/index.php\/wp-json\/wp\/v2\/pages\/10","targetHints":{"allow":["GET"]}}],"collection":[{"href":"https:\/\/hochzeit.dj\/index.php\/wp-json\/wp\/v2\/pages"}],"about":[{"href":"https:\/\/hochzeit.dj\/index.php\/wp-json\/wp\/v2\/types\/page"}],"author":[{"embeddable":true,"href":"https:\/\/hochzeit.dj\/index.php\/wp-json\/wp\/v2\/users\/1"}],"replies":[{"embeddable":true,"href":"https:\/\/hochzeit.dj\/index.php\/wp-json\/wp\/v2\/comments?post=10"}],"version-history":[{"count":7,"href":"https:\/\/hochzeit.dj\/index.php\/wp-json\/wp\/v2\/pages\/10\/revisions"}],"predecessor-version":[{"id":106,"href":"https:\/\/hochzeit.dj\/index.php\/wp-json\/wp\/v2\/pages\/10\/revisions\/106"}],"wp:featuredmedia":[{"embeddable":true,"href":"https:\/\/hochzeit.dj\/index.php\/wp-json\/wp\/v2\/media\/54"}],"wp:attachment":[{"href":"https:\/\/hochzeit.dj\/index.php\/wp-json\/wp\/v2\/media?parent=10"}],"curies":[{"name":"wp","href":"https:\/\/api.w.org\/{rel}","templated":true}]}}