{"id":69,"date":"2020-04-12T12:42:52","date_gmt":"2020-04-12T12:42:52","guid":{"rendered":"https:\/\/hochzeit.dj\/?page_id=69"},"modified":"2020-04-12T12:42:52","modified_gmt":"2020-04-12T12:42:52","slug":"agbs","status":"publish","type":"page","link":"https:\/\/hochzeit.dj\/index.php\/agbs\/","title":{"rendered":"AGBs"},"content":{"rendered":"\n<h3 class=\"wp-block-heading\">Allgemeine Gesch\u00e4ftsbedingungen<\/h3>\n\n\n\n<h6 class=\"wp-block-heading\">\u00a7 1 Allgemeines<\/h6>\n\n\n\n<p>F\u00fcr unsere Lieferungen und Leistungen finden ausschlie\u00dflich die nachstehenden Bedingungen Anwendung. Ab\u00e4nderungen dieser Bedingungen bed\u00fcrfen der Schriftform. Sie gelten auch, wenn der Kunde insbesondere bei der Auftragserteilung auf eigene Gesch\u00e4ftsbedingungen verweist, es sei denn, diesen wurde ausdr\u00fccklich schriftlich zugestimmt.<\/p>\n\n\n\n<h6 class=\"wp-block-heading\">\u00a7 2 Angebote und Abschluss<\/h6>\n\n\n\n<p>Alle unsere Angebote sind freibleibend und, wenn nicht anders von uns vereinbart, 14 Tage g\u00fcltig. Ein Vertrag kommt erst dann zustande, wenn\u2009hochzeit.dj eine entsprechende Auftragsbest\u00e4tigung in Textform an den Auftraggeber sendet.<\/p>\n\n\n\n<h6 class=\"wp-block-heading\">\u00a7 3 GEMA-Anmeldung und Lizenzzahlung<\/h6>\n\n\n\n<p>Prinzipiell ist immer der Kunde \u2013 also z. B. der Diskothekenbetreiber oder der Organisator einer Veranstaltung \u2013 verantwortlich f\u00fcr die Anmeldung und Lizenzzahlung an die GEMA. Die Anmeldung erfolgt \u00fcber die zust\u00e4ndige GEMA-Bezirksdirektion.<\/p>\n\n\n\n<p>Der Kunde erkl\u00e4rt mit dem Unterzeichnen des jeweiligen Auftrags\/Vertrags, s\u00e4mtliche anfallenden Geb\u00fchren entrichtet sowie die Veranstaltung bei den zust\u00e4ndigen Beh\u00f6rden, soweit Notwendigkeit daf\u00fcr besteht, angemeldet zu haben.<\/p>\n\n\n\n<h6 class=\"wp-block-heading\">\u00a7 4 Preise und Zahlungsbedingungen<\/h6>\n\n\n\n<p>Die H\u00f6he der Gage ergibt sich aus dem Vertrag oder sonstigen schriftlichen Vereinbarungen. Der vereinbarte Preis gilt als verbindlich, sobald der Kunde diesen mit seiner Unterschrift anerkannt hat. Zahlungen sind ohne Abzug und ausschlie\u00dflich direkt vorzunehmen.<\/p>\n\n\n\n<p>Folgende Zahlungsarten werden akzeptiert:<\/p>\n\n\n\n<p>a)\u00dcberweisungen auf ein vom hochzeit.dj genanntes Konto.<\/p>\n\n\n\n<p>Schecks, Kreditkarten oder \u00c4hnliches werden nicht akzeptiert.<\/p>\n\n\n\n<p>Wurden keine anderen Zahlungsbedingungen schriftlich vereinbart, ist der gesamte Betrag innerhalb von 14 Tagen nach Rechnungslegung f\u00e4llig. Mit Ablauf dieser Frist kommt der Kunde mit der Zahlung in Verzug. W\u00e4hrend des Verzugs ist eine Geldschuld mit 5 % \u00fcber dem Basiszinssatz zu verzinsen.<\/p>\n\n\n\n<p>hochzeit.dj ist berechtigt, seine Forderungen an Dritte abzutreten.<\/p>\n\n\n\n<h6 class=\"wp-block-heading\">\u00a7 5 Auftragsstornierung<\/h6>\n\n\n\n<p>Bei Stornierung eines bereits begonnenen und\/oder best\u00e4tigten Auftrages werden dem Kunden s\u00e4mtliche bis dahin angefallenen Handlungskosten in Rechnung gestellt. \u00dcber den Organisationsaufwand hinaus bedeutet das, dass s\u00e4mtliche Stornokosten der Vertragspartner sowie Kosten f\u00fcr nicht mehr stornierbare Leistungen vom Kunden getragen werden:<\/p>\n\n\n\n<ul class=\"wp-block-list\"><li>bis 30 Tage vor der Veranstaltung: &nbsp; 25 % der vereinbarten Gage,<\/li><li>bis 20 Tage vor der Veranstaltung: &nbsp; 50 % der vereinbarten Gage,<\/li><li>bis 10 Tage vor der Veranstaltung: &nbsp; &nbsp;75 % der vereinbarten Gage.<\/li><\/ul>\n\n\n\n<p>Sollte es nach Absagen einer Veranstaltung durch den Kunden zu einem Auftrag an einem anderen Termin kommen, werden die Stornokosten gesondert geregelt.<\/p>\n\n\n\n<p>Ein R\u00fccktritt seitens hochzeit.dj ist m\u00f6glich durch unabwendbare, nicht reparable, technisch bedingte Ausf\u00e4lle, Diebstahl bzw. Totalausfall, andere wichtige Gr\u00fcnde (h\u00f6here Gewalt), Krankheit, Unfall oder Tod. In diesem Falle wird durch hochzeit.dj Ersatz zu gleichen Konditionen wie vereinbart gestellt.<\/p>\n\n\n\n<p>Bei Nichteinhaltung eines rechtskr\u00e4ftigen Auftrags durch hochzeit.dj entstehen dem Kunden keinerlei Kosten. Anzahlungen, welche nachweislich an hochzeit.dj gezahlt worden sind, werden selbstverst\u00e4ndlich umgehend an den Auftraggeber zur\u00fcckerstattet. Regressanspr\u00fcche durch einen evtl. Verdienstausfall, entgangene Gewinne oder Sonstiges bestehen durch ausdr\u00fcckliche Annahme dieser Gesch\u00e4ftsbedingungen nicht.<\/p>\n\n\n\n<h6 class=\"wp-block-heading\">\u00a7 6 Haftung<\/h6>\n\n\n\n<p>F\u00fcr Personen- und Sachsch\u00e4den w\u00e4hrend einer Veranstaltung haftet ausschlie\u00dflich und auch pers\u00f6nlich der Kunde, soweit der Schaden nicht durch grob fahrl\u00e4ssiges oder vors\u00e4tzliches Verhalten durch hochzeit.dj verursacht worden ist. F\u00fcr Sch\u00e4den an Equipment und Musikdaten-tr\u00e4gern von hochzeit.dj, die w\u00e4hrend einer Veranstaltung durch G\u00e4ste verursacht werden, haftet der Kunde nach BGB.<\/p>\n\n\n\n<p>Sofern hochzeit.dj durch nicht von ihm zu verantwortende Umst\u00e4nde und \u00e4u\u00dfere Einfl\u00fcsse (h\u00f6here Gewalt, Naturkatastrophen, beh\u00f6rdliche Anordnung, Betriebsst\u00f6rungen beim Veranstalter (VA), Stromausfall oder Stromschwankungen etc.) die vereinbarten Leistungen nicht erbringen kann, hat der Kunde kein Recht auf R\u00fccktritt vom Vertrag, keinen Anspruch auf Schadenersatz, kein Recht auf Zur\u00fcckhaltung einer Zahlung. Insgesamt sind Schadenersatzanspr\u00fcche durch den VA auf die H\u00f6he des vereinbarten Preises begrenzt. Schadenersatzanspr\u00fcche durch hochzeit.dj sind auf den Marktwert der eingesetzten Technik beschr\u00e4nkt.<\/p>\n\n\n\n<h6 class=\"wp-block-heading\">\u00a7 7 Datenschutzerkl\u00e4rung<\/h6>\n\n\n\n<p>Der Kunde ist damit einverstanden, dass s\u00e4mtliche Daten, die den Vertrag betreffen, gespeichert werden d\u00fcrfen. Diese Daten d\u00fcrfen nicht ohne Zustimmung des Kunden an Dritte weitergegeben werden. Ausnahme hierf\u00fcr stellen die f\u00fcr die Erf\u00fcllung des Vertrages beauftragten Subunternehmer von hochzeit.dj. \u00dcber die Preise und getroffenen Vereinbarungen ist Stillschweigen zu wahren.<\/p>\n\n\n\n<h6 class=\"wp-block-heading\">\u00a7 8 Sonstiges<\/h6>\n\n\n\n<p>Der Kunde verpflichtet sich, soweit nicht anders vereinbart, die R\u00e4umlichkeiten, in denen die Veranstaltung stattfinden soll, zwei Stunden vor Beginn zwecks Aufbau f\u00fcr hochzeit.dj zug\u00e4nglich zu machen.<\/p>\n\n\n\n<p>Musikw\u00fcnsche wird hochzeit.dj versuchen zu erf\u00fcllen, jedoch steht die k\u00fcnstlerische Ausgestaltung und Darbietung innerhalb der -Angaben des Veranstalters dem Discjockey frei. hochzeit.dj ist nur an die im Vertrag vereinbarten Bedingungen gebunden.<\/p>\n\n\n\n<p>Alle Speisen und Getr\u00e4nke werden f\u00fcr den DJ und dessen Techniker\/Helfer w\u00e4hrend der Veranstaltung, im normalen Umfang, freigestellt.<\/p>\n\n\n\n<p>Der Veranstalter sorgt f\u00fcr ausreichend Strom am Veranstaltungsort. Die entsprechenden Anschl\u00fcsse f\u00fcr Strom werden bei besonderen technischen Anforderungen bei Vertragsabschluss bekanntgegeben. Sofern nicht anders vereinbart, wird mindestens ein mit 230V\/16A getrennt abgesicherter -Stromanschluss in unmittelbarer N\u00e4he ben\u00f6tigt, und es wird nur ein Raum beschallt und beleuchtet.<\/p>\n\n\n\n<p>Der Kunde stellt einen Parkplatz in unmittelbarer N\u00e4he des Zugangs zum Veranstaltungsort f\u00fcr die Dauer der Veranstaltung kostenfrei zur Verf\u00fcgung. Sofern hier keine ausreichende Vorsorge durch den Kunden stattgefunden hat, \u00fcbernimmt der Kunde evtl. anfallende Geb\u00fchren f\u00fcr Halt- und Parkverst\u00f6\u00dfe.<\/p>\n\n\n\n<h6 class=\"wp-block-heading\">\u00a7 9 Anwendbares Recht, Gerichtsstand<\/h6>\n\n\n\n<p>F\u00fcr diese Gesch\u00e4ftsbedingungen sowie die gesamten Rechtsbeziehungen zwischen hochzeit.dj und dem Kunden gilt das Recht der Bundesrepublik Deutschland als zwingend vereinbart. Als Gerichtsstand gilt der Sitz von hochzeit.dj als vereinbart. Der gleiche Gerichtsstand gilt, wenn der Kunde keinen allgemeinen Gerichtsstand im Inland hat, nach Vertragsabschluss seinen Wohnsitz oder gew\u00f6hnlichen Aufenthaltsort aus dem Inland verlegt oder sein Wohnsitz oder gew\u00f6hnlicher Aufenthaltsort zum Zeitpunkt der Klageerhebung nicht bekannt ist.<\/p>\n\n\n\n<h6 class=\"wp-block-heading\">\u00a7 10 \u00dcbertragung an Subunternehmen<\/h6>\n\n\n\n<p>hochzeit.dj ist berechtigt, Serviceleistungen an Subunternehmen zu \u00fcbertragen.<\/p>\n\n\n\n<p>F\u00fcr Diese haftet hochzeit.dj lediglich im Falle eines eigenen Auswahlverschuldens. Ansonsten ist eine Haftung von hochzeit.dj f\u00fcr Subunternehmer ausgeschlossen. hochzeit.dj ist verpflichtet, jegliche infrage kommenden Anspr\u00fcche gegen die eingeschalteten Subunternehmer auf Verlangen an den Vertragspartner abzutreten.<\/p>\n\n\n\n<h6 class=\"wp-block-heading\">\u00a7 11 Salvatorische Klausel<\/h6>\n\n\n\n<p>Sollten einzelne Bestimmungen dieser allgemeinen Gesch\u00e4ftsbedingungen oder des Vertrages unwirksam oder undurchf\u00fchrbar sein oder nach Vertragsschluss unwirksam oder undurchf\u00fchrbar werden, bleibt davon die Wirksamkeit der allgemeinen Gesch\u00e4ftsbedingungen oder des Vertrages im \u00dcbrigen unber\u00fchrt. An die Stelle der unwirksamen oder undurchf\u00fchrbaren Bestimmung soll diejenige wirksame und durchf\u00fchrbare Regelung treten, deren Wirkungen der wirtschaftlichen Zielsetzung am N\u00e4chsten kommen, die die Vertragsparteien mit der unwirksamen bzw. undurchf\u00fchrbaren Bestimmung verfolgt haben. Die vorstehenden Bestimmungen gelten entsprechend f\u00fcr den Fall, dass sich der Vertrag oder die allgemeinen Gesch\u00e4ftsbedingungen als l\u00fcckenhaft erweisen.<\/p>\n","protected":false},"excerpt":{"rendered":"<p>Allgemeine Gesch\u00e4ftsbedingungen \u00a7 1 Allgemeines F\u00fcr unsere Lieferungen und Leistungen finden ausschlie\u00dflich die nachstehenden Bedingungen Anwendung. Ab\u00e4nderungen dieser Bedingungen bed\u00fcrfen der Schriftform. Sie gelten auch, wenn der Kunde insbesondere bei der Auftragserteilung auf eigene Gesch\u00e4ftsbedingungen verweist, es sei denn, diesen wurde ausdr\u00fccklich schriftlich zugestimmt. \u00a7 2 Angebote und Abschluss Alle unsere Angebote sind freibleibend und, &hellip; <\/p>\n<p class=\"link-more\"><a href=\"https:\/\/hochzeit.dj\/index.php\/agbs\/\" class=\"more-link\"><span class=\"screen-reader-text\">\u201eAGBs\u201c <\/span>weiterlesen<\/a><\/p>\n","protected":false},"author":1,"featured_media":0,"parent":0,"menu_order":0,"comment_status":"closed","ping_status":"closed","template":"","meta":{"footnotes":""},"class_list":["post-69","page","type-page","status-publish","hentry"],"_links":{"self":[{"href":"https:\/\/hochzeit.dj\/index.php\/wp-json\/wp\/v2\/pages\/69","targetHints":{"allow":["GET"]}}],"collection":[{"href":"https:\/\/hochzeit.dj\/index.php\/wp-json\/wp\/v2\/pages"}],"about":[{"href":"https:\/\/hochzeit.dj\/index.php\/wp-json\/wp\/v2\/types\/page"}],"author":[{"embeddable":true,"href":"https:\/\/hochzeit.dj\/index.php\/wp-json\/wp\/v2\/users\/1"}],"replies":[{"embeddable":true,"href":"https:\/\/hochzeit.dj\/index.php\/wp-json\/wp\/v2\/comments?post=69"}],"version-history":[{"count":1,"href":"https:\/\/hochzeit.dj\/index.php\/wp-json\/wp\/v2\/pages\/69\/revisions"}],"predecessor-version":[{"id":70,"href":"https:\/\/hochzeit.dj\/index.php\/wp-json\/wp\/v2\/pages\/69\/revisions\/70"}],"wp:attachment":[{"href":"https:\/\/hochzeit.dj\/index.php\/wp-json\/wp\/v2\/media?parent=69"}],"curies":[{"name":"wp","href":"https:\/\/api.w.org\/{rel}","templated":true}]}}